{"id":1401,"date":"2023-03-31T16:06:01","date_gmt":"2023-03-31T14:06:01","guid":{"rendered":"https:\/\/www.it-link.it\/privacy-e-termini-di-utilizzo\/"},"modified":"2023-06-05T14:26:26","modified_gmt":"2023-06-05T12:26:26","slug":"privacy-e-termini-di-utilizzo","status":"publish","type":"page","link":"https:\/\/it-link.it\/en\/privacy-e-termini-di-utilizzo\/","title":{"rendered":"Privacy e Termini di utilizzo"},"content":{"rendered":"<div data-elementor-type=\"wp-page\" data-elementor-id=\"1401\" class=\"elementor elementor-1401 elementor-214\" data-elementor-post-type=\"page\">\n\t\t\t\t\t\t<section data-particle_enable=\"false\" data-particle-mobile-disabled=\"false\" class=\"elementor-section elementor-top-section elementor-element elementor-element-149569a1 elementor-section-boxed elementor-section-height-default elementor-section-height-default\" data-id=\"149569a1\" data-element_type=\"section\" data-e-type=\"section\">\n\t\t\t\t\t\t<div class=\"elementor-container elementor-column-gap-default\">\n\t\t\t\t\t<div class=\"elementor-column elementor-col-100 elementor-top-column elementor-element elementor-element-65ce634a\" data-id=\"65ce634a\" data-element_type=\"column\" data-e-type=\"column\">\n\t\t\t<div class=\"elementor-widget-wrap elementor-element-populated\">\n\t\t\t\t\t\t<div class=\"elementor-element elementor-element-c538958 elementor-widget elementor-widget-heading\" data-id=\"c538958\" data-element_type=\"widget\" data-e-type=\"widget\" data-widget_type=\"heading.default\">\n\t\t\t\t<div class=\"elementor-widget-container\">\n\t\t\t\t\t<h1 class=\"elementor-heading-title elementor-size-default\"><main><header><h1><\/h1><h1>Privacy e Termini di utilizzo<\/h1><\/header><\/main><\/h1>\t\t\t\t<\/div>\n\t\t\t\t<\/div>\n\t\t\t\t<div class=\"elementor-element elementor-element-6482b3e2 elementor-widget elementor-widget-text-editor\" data-id=\"6482b3e2\" data-element_type=\"widget\" data-e-type=\"widget\" data-widget_type=\"text-editor.default\">\n\t\t\t\t<div class=\"elementor-widget-container\">\n\t\t\t\t\t\t\t\t\t<p><strong>IT-LINK S.R.L.<\/strong><\/p><p><strong>PRIVACY E TERMINI DI UTILIZZO \u2013 <a href=\"https:\/\/www.it-link.it\">WWW.IT-LINK.IT<\/a><\/strong><\/p><p>La presente informativa sulla privacy \u00e8 in vigore dal 01.04.2023 e verr\u00e0 regolarmente aggiornata in modo da riflettere qualsiasi modifica alle modalit\u00e0 con cui It-Link tratta i vostri dati personali o qualsiasi cambiamento delle leggi applicabili.<\/p><p>Si prega dunque di consultare spesso questa pagina, prendendo come riferimento la data di ultima modifica indicata in fondo. Nel caso di mancata accettazione delle modifiche apportate alla presente policy, l\u2019Utente \u00e8 tenuto a cessare l\u2019utilizzo del sito web di Qintesi e pu\u00f2 richiedere al Titolare del Trattamento di rimuovere i propri Dati Personali. Salvo quanto diversamente specificato, la precedente policy continuer\u00e0 ad applicarsi ai Dati Personali sino a quel momento raccolti.<\/p><p><strong>TERMINI E CONDIZIONI DI UTILIZZO\u00a0<\/strong><\/p><p>Il presente Sito \u00e8 di propriet\u00e0 di Qintesi S.p.A., con sede legale in via Stezzano 87, Bergamo (BG) 24126, e sedi operative Via Donatello 30, Milano (MI) 20133 e Viale della Stazione n\u00b0 9, Marcon (VE) 30020, ed \u00e8 dedicato alla presentazione dei servizi offerti.<\/p><p><strong>Utilizzo del sito web<\/strong><\/p><p>L\u2019accesso, la navigazione e l\u2019utilizzo del sito implicano l\u2019accettazione automatica ed integrale delle condizioni qui di seguito illustrate da parte dell\u2019utente. Le informazioni indicate in questo sito sono fornite a scopo meramente informativo.<\/p><p><strong>Responsabilit\u00e0 e garanzie<\/strong><\/p><p>Tutti i contenuti del presente sito: informazioni, dati, documentazione, comunicazioni, loghi, immagini, grafica, foto, disegni e qualunque materiale presente \u00e8 di propriet\u00e0 di Qintesi S.p.A. o di terze parti che ne detengono i diritti e sono tutelati da copyright.<\/p><p>Non \u00e8 consentito, pertanto, modificare, copiare, riprodurre, scaricare, distribuire il contenuto senza il consenso scritto di It-Link S.r.l. o dei terzi che ne detengono i diritti.<\/p><p>Laddove espresso, pu\u00f2 essere concessa la riproduzione del materiale pubblicato esclusivamente per finalit\u00e0 personali e non commerciali. Si vieta, pertanto, ogni forma di utilizzo non autorizzata da It-Link S.r.l. che sar\u00e0 oggetto di sanzioni legali.<\/p><p>It-Link S.r.l. si adoperer\u00e0 affinch\u00e9 il proprio sito fornisca costantemente informazioni aggiornate, complete e accurate, ma non fornisce nessuna garanzia in merito.<\/p><p>It-Link S.r.l., pertanto, declina ogni responsabilit\u00e0 per qualunque danno derivante errori\/omissioni del materiale contenuto e per fatti\/danni, diretti, indiretti, accidentali, consequenziali o altri che l\u2019utente o terzi possono subire a seguito dell\u2019accesso, della navigazione e dell\u2019utilizzo del sito e del suo contenuto.<\/p><p>It-Link S.r.l. declina ogni responsabilit\u00e0 per danni derivanti da interruzioni, cancellazioni, virus, perdita di dati e\/o di programmi etc. L\u2019utente dovr\u00e0 aver cura di adottare le necessarie cautele.<\/p><p>Qualunque materiale o informazioni (inclusi, a titolo esemplificativo e non esaustivo) testi, immagini, idee e conoscenze tecniche fosse inviato utilizzando il presente sito, non daranno luogo ad un rapporto d\u2019affari o di fornitura di servizi professionali. Il materiale, inoltre, non sar\u00e0 ritenuto di carattere confidenziale e potr\u00e0 essere riprodotto, sviluppato, distribuito, commercializzato nelle modalit\u00e0 che It-Link riterr\u00e0 opportune.<\/p><p><strong>Link<\/strong><\/p><p>Nelle pagine del sito sono presenti \u201clink\u201d o \u201cipertext\u201d verso altre risorse gestite da terzi (ad esempio: siti dei partner commerciali, o dei propri clienti). Tali siti non sono sotto controllo di It-Link S.r.l. e pertanto non si rilascia nessun giudizio o garanzia e si declina ogni responsabilit\u00e0 su tali servizi o siti.<\/p><p><strong>INFORMATIVA PRIVACY\u00a0<\/strong><\/p><p>L\u2019informativa privacy illustra le modalit\u00e0 di trattamento e protezione dei dati personali acquisiti e conferiti in via diretta o indiretta dagli utenti mediante gli applicativi web di It-Link S.r.l. e di QINTESI S.p.A., anche tramite il ricorso a cookies e tools similari di tracciamento, in conformit\u00e0 al Regolamento (UE) 2016\/679 (\u201cGDPR\u201d) ed alla Direttiva 2009\/136\/CE.<\/p><p>Di seguito viene fornita una descrizione generale sulle modalit\u00e0 con cui Qintesi protegge i vostri dati personali. Vengono inoltre fornite informazioni specifiche sui seguenti argomenti:<\/p><p><strong>Informazioni generali<\/strong><\/p><p>Titolare del Trattamento dei Dati Personali \u00e8 QINTESI S.p.A. \u2013 Via Stezzano 87 \u2013 24126 Bergamo (BG) \u2013 CCIAA\/R.E.A. BG 284863 \u2013 C.F. e Partita IVA: 02384970162.<\/p><p><strong>Come utilizziamo e proteggiamo i dati raccolti<\/strong><\/p><p>Qintesi raccoglie i dati personali di clienti, contatti in ambito business, utenti del sito web e candidati. Nella tabella che segue vengono descritte le categorie di dati che raccogliamo, le loro finalit\u00e0 e la base giuridica del trattamento e il periodo di conservazione.<\/p><p>In particolare Qintesi raccoglie i <b>dati personali identificativi e di contatto<\/b>, quali nome, cognome, indirizzo e-mail, utenza telefonica. Il conferimento dei dati personali identificativi e di contatto avviene mediante acquisizione diretta da parte dell\u2019interessato, per le finalit\u00e0 di inoltro a QINTESI di richieste di informazioni tramite i <em>contact form <\/em>presenti all\u2019interno del sito (ad esempio in ambito di <em>job selection and recruitment<\/em>) ovvero per il rilascio o l\u2019accesso a contenuti multimediali (video, articoli, etc.) o ancora per l\u2019iscrizione alla newsletter di QINTESI.<\/p><p>La base giuridica del trattamento \u00e8 rappresentata dal consenso del soggetto interessato.<\/p><p>Qintesi raccoglie altres\u00ec mediante conferimento diretto da parte dell\u2019interessato le <b>informazioni sulla professione e relative all\u2019occupazione, all\u2019azienda di appartenenza ed al ruolo ivi ricoperto dal soggetto interessato<\/b>. Tali dati sono in particolare acquisiti ai fini della richiesta e del rilascio di video e contenuti multimediali disponibili all\u2019interno del sito web.<\/p><p>Nell\u2019ambito della sezione \u201ccareers\u201d \u00e8 prevista l\u2019acquisizione delle informazioni professionali del soggetto interessato, anche tramite upload del relativo curriculum vitae. Il conferimento delle informazioni relative alla professione ed all\u2019occupazione avviene mediante acquisizione diretta dell\u2019interessato, per le finalit\u00e0 di rilascio o accesso a contenuti multimediali presenti all\u2019interno del sito o ancora nell\u2019ambito del processo di <em>job selection and recruitment <\/em>all\u2019interno della sezione \u201ccareers\u201d del sito web di QINTESI.<\/p><p>La base giuridica del trattamento \u00e8 rappresentata dal consenso del soggetto interessato.<\/p><p>QINTESI utilizza, infine, i <b>cookie<\/b> anche di terze parti per acquisire le informazioni necessarie e\/o utili a garantire il funzionamento e l\u2019erogazione dei propri servizi web. L\u2019utilizzo di Cookies \u2013 o di altri strumenti similari di tracciamento \u2013 da parte di QINTESI anche mediante servizi di terze parti presenti all\u2019interno del sito web risponde alla finalit\u00e0 di monitorare l\u2019utilizzo del sito web e delle applicazioni ad esso connesse da parte dell\u2019utenza ed effettuare analisi per garantire la continuit\u00e0 di erogazione ed il miglioramento dei servizi di QINTESI.<\/p><p>Nel caso di cookie non strettamente necessari al funzionamento dei servizi web, il loro utilizzo \u00e8 fondato sul preventivo ed esplicito consenso dell\u2019interessato.<\/p><p><strong>In particolare: trattamento dei dati ai fini di marketing e consenso dell\u2019interessato<\/strong><\/p><p>Qintesi acquisisce mediante conferimento diretto e previo consenso espresso i dati personali identificativi e di contatto del soggetto interessato. Tali dati sono trattati per finalit\u00e0 promozionali di marketing ed in particolare:<\/p><ul><li style=\"list-style-type: none;\">\u00a0<\/li><\/ul><ul><li style=\"list-style-type: none;\"><ul><li><p>Marketing diretto: invio di comunicazioni commerciali relative a servizi e prodotti, eventi e webinar di Qintesi S.p.A. tramite modalit\u00e0 di contatto automatizzate e tradizionali, nonch\u00e9 realizzazione di relativi studi di mercato e analisi statistiche;<\/p><\/li><\/ul><\/li><\/ul><ul><li style=\"list-style-type: none;\"><ul><li><p>Marketing profilato: analisi delle preferenze dell\u2019utente, abitudini, comportamenti, interessi, ai fini di svolgere azioni commerciali mirate e di business intelligence;<\/p><\/li><\/ul><\/li><\/ul><ul><li style=\"list-style-type: none;\"><ul><li><p>Marketing da parte di soggetti terzi: invio di comunicazioni commerciali relative a offerte di servizi\/prodotti, segnalazione di eventi aziendali e realizzazione di analisi statistiche da soggetti terzi (SAP Italia) rispetto al Titolare dei dati;<\/p><\/li><\/ul><\/li><\/ul><p>\u00e8 facolt\u00e0 del soggetto interessato prestare, modificare, revocare il consenso al trattamento dei dati personali in relazione alle finalit\u00e0 indicate, anche singolarmente considerate, tramite un panel dedicato per la gestione del consenso.<\/p><p><strong>Dove\u00a0 trattiamo i dati personali<\/strong><\/p><p>Il trattamento dei dati avviene ad opera di soggetti delegati del trattamento, in particolare di Incaricati e Responsabili Esterni del Trattamento, Amministratori del Sistema Informatico che operano su nomina specifica determinata con atto scritto da parte del Titolare del Trattamento, con impegno alla massima riservatezza e a non divulgare a terzi i dati senza specifica autorizzazione. L\u2019elencazione dei relativi nominativi \u00e8 fornita a richiesta dell\u2019interessato.<\/p><p>I dati possono essere oggetto di trasferimento a terzi all\u2019interno dell\u2019UE, con particolare riferimento alle informazioni professionali e relative all\u2019occupazione lavorativa al fine di conseguire le finalit\u00e0 di trattamento descritte nella presente informativa.<\/p><p>Il titolare del Trattamento ha nominato un Responsabile della Protezione dei Dati (RPD) (art. 37 Reg. UE 2016\/679) che pu\u00f2 essere contattato tramite e-mail a dpo@qintesi.it.<\/p><p>I Dati sono conservati all\u2019interno dell\u2019Unione Europea e trattati per il tempo necessario allo svolgimento del servizio richiesto dall\u2019Utente, o richiesto dalle finalit\u00e0 descritte in questo documento, e l\u2019Utente pu\u00f2 sempre chiedere l\u2019interruzione del Trattamento o la cancellazione dei Dati.<\/p><p><strong>I diritti in relazione al trattamento dei dati personali<\/strong><\/p><p>Qintesi tutela i diritti dei soggetti interessati in relazione al trattamento dei dati personali dai medesimi conferiti. In particolare, Qintesi assicura e garantisce l\u2019esercizio dei seguenti diritti previsti dal Reg. UE 2016\/679 (\u201cG.D.P.R.\u201d):<\/p><ul><li style=\"list-style-type: none;\">\u00a0<\/li><\/ul><ul><li style=\"list-style-type: none;\"><ul><li><p><strong>Diritto di accesso e copia (art. 15 Reg. UE 2016\/679):<\/strong> conoscere in ogni momento l\u2019effettiva attuazione di un trattamento di dati ed in particolare le finalit\u00e0 del trattamento, le categorie di dati, i destinatari a cui sono stati o saranno comunicati, il periodo di conservazione, le informazioni disponibili circa la loro origine ed acquisizione qualora i dati non siano raccolti o conferiti direttamente dall\u2019interessato, l\u2019esistenza di un eventuale processo di trattamento e profilazione automatizzato, le garanzie e le modalit\u00e0 di un eventuale trasferimento dei dati ad un paese terzo o a un\u2019organizzazione internazionale a norma dell\u2019art. 46 Reg. UE 2016\/679. Ottenere copia dei dati stessi eventualmente con addebito dei costi relativi per pi\u00f9 richieste.<\/p><\/li><\/ul><\/li><\/ul><ul><li style=\"list-style-type: none;\"><ul><li><p><strong>Diritto di rettifica e cancellazione (artt. 16 e 17 Reg. UE 2016\/679):<\/strong> ottenere la rettifica ovvero l\u2019integrazione dei dati personali inesatti, nonch\u00e9 la cancellazione dei dati senza ritardo ingiustificato, con limitazione del trattamento nelle more dell\u2019istruttoria.<\/p><\/li><\/ul><\/li><\/ul><ul><li style=\"list-style-type: none;\"><ul><li><p><strong>Diritto alla portabilit\u00e0 dei dati (art. 20 Reg. UE 2016\/679):<\/strong> ottenere in formato intelligibile anche telematico i dati personali ovvero la trasmissione ad altro titolare del trattamento senza impedimenti salvo che per ragioni di impossibilit\u00e0 tecnica ed oggettiva.<\/p><\/li><\/ul><\/li><\/ul><ul><li style=\"list-style-type: none;\"><ul><li><p><strong>Diritto di opposizione e revoca del consenso (artt. 7 e 21 Reg. UE 2016\/679):<\/strong> opporsi e revocare il consenso in qualsiasi momento al trattamento dei dati, salva la sussistenza di motivi legittimi cogenti prevalenti su interessi, diritti e libert\u00e0 dell\u2019interessato come per l\u2019accertamento, l\u2019esercizio o la difesa in sede giudiziaria.<\/p><\/li><\/ul><\/li><\/ul><ul><li style=\"list-style-type: none;\"><ul><li><p><strong>Diritto di reclamo all\u2019autorit\u00e0 di controllo (art. 77 Reg. UE 2016\/679):<\/strong> proporre reclamo all\u2019Autorit\u00e0 di controllo competente in caso di violazione delle relative disposizioni.<\/p><\/li><\/ul><\/li><\/ul><ul><li style=\"list-style-type: none;\"><ul><li><p><strong>Diritto al risarcimento del danno (art. 82 Reg. UE 2016\/679):<\/strong> ottenere il risarcimento del danno a norma dell\u2019art. 82 Reg. UE 2016\/679.<\/p><\/li><\/ul><\/li><\/ul><ul><li style=\"list-style-type: none;\"><ul><li><p><strong>Diritto alla notifica di violazioni dei dati (art. 34 Reg. UE 2016\/679):<\/strong> qualora la violazione dei dati personali presenti un rischio elevato per i diritti e le libert\u00e0 delle persone fisiche, senza ingiustificato ritardo.<\/p><\/li><\/ul><\/li><\/ul><p><em>Eventuali istanze per l\u2019esercizio dei diritti sopra elencati dovranno essere rivolte personalmente o mediante lettera raccomandata a.r. presso la sede ovvero tramite comunicazione e-mail a: <strong><a href=\"mailto:privacy.it-link@qintesi.it\" target=\"_blank\" rel=\"noopener\">privacy.it-link@<wbr \/>qintesi.it<\/a><\/strong><\/em><\/p>\t\t\t\t\t\t\t\t<\/div>\n\t\t\t\t<\/div>\n\t\t\t\t\t<\/div>\n\t\t<\/div>\n\t\t\t\t\t<\/div>\n\t\t<\/section>\n\t\t\t\t<\/div>","protected":false},"excerpt":{"rendered":"<p>Privacy e Termini di utilizzo IT-LINK S.R.L. PRIVACY E TERMINI DI UTILIZZO \u2013 WWW.IT-LINK.IT La presente informativa sulla privacy \u00e8 in vigore dal 01.04.2023 e verr\u00e0 regolarmente aggiornata in modo da riflettere qualsiasi modifica alle modalit\u00e0 con cui It-Link tratta i vostri dati personali o qualsiasi cambiamento delle leggi applicabili. Si prega dunque di consultare [&hellip;]<\/p>","protected":false},"author":1,"featured_media":0,"parent":0,"menu_order":0,"comment_status":"closed","ping_status":"closed","template":"","meta":{"footnotes":""},"class_list":["post-1401","page","type-page","status-publish","hentry"],"_links":{"self":[{"href":"https:\/\/it-link.it\/en\/wp-json\/wp\/v2\/pages\/1401","targetHints":{"allow":["GET"]}}],"collection":[{"href":"https:\/\/it-link.it\/en\/wp-json\/wp\/v2\/pages"}],"about":[{"href":"https:\/\/it-link.it\/en\/wp-json\/wp\/v2\/types\/page"}],"author":[{"embeddable":true,"href":"https:\/\/it-link.it\/en\/wp-json\/wp\/v2\/users\/1"}],"replies":[{"embeddable":true,"href":"https:\/\/it-link.it\/en\/wp-json\/wp\/v2\/comments?post=1401"}],"version-history":[{"count":4,"href":"https:\/\/it-link.it\/en\/wp-json\/wp\/v2\/pages\/1401\/revisions"}],"predecessor-version":[{"id":1879,"href":"https:\/\/it-link.it\/en\/wp-json\/wp\/v2\/pages\/1401\/revisions\/1879"}],"wp:attachment":[{"href":"https:\/\/it-link.it\/en\/wp-json\/wp\/v2\/media?parent=1401"}],"curies":[{"name":"wp","href":"https:\/\/api.w.org\/{rel}","templated":true}]}}